{"id":6712,"date":"2023-09-21T04:03:58","date_gmt":"2023-09-21T04:03:58","guid":{"rendered":"https:\/\/moradadaspalmeirasbg.com.br\/?page_id=6712"},"modified":"2023-09-21T13:23:16","modified_gmt":"2023-09-21T13:23:16","slug":"diversao-e-aventura","status":"publish","type":"page","link":"https:\/\/moradadaspalmeirasbg.com.br\/?page_id=6712","title":{"rendered":"Divers\u00e3o e Aventura"},"content":{"rendered":"\t\t<div data-elementor-type=\"wp-page\" data-elementor-id=\"6712\" class=\"elementor elementor-6712\">\n\t\t\t\t\t\t\t\t\t<section class=\"elementor-section elementor-top-section elementor-element elementor-element-a29abfa elementor-section-boxed elementor-section-height-default elementor-section-height-default\" data-id=\"a29abfa\" data-element_type=\"section\" data-settings=\"{&quot;background_background&quot;:&quot;classic&quot;}\">\n\t\t\t\t\t\t<div class=\"elementor-container elementor-column-gap-default\">\n\t\t\t\t\t<div class=\"elementor-column elementor-col-100 elementor-top-column elementor-element elementor-element-4446492\" data-id=\"4446492\" data-element_type=\"column\">\n\t\t\t<div class=\"elementor-widget-wrap elementor-element-populated\">\n\t\t\t\t\t\t\t\t<div class=\"elementor-element elementor-element-26963d8 elementor-widget elementor-widget-spacer\" data-id=\"26963d8\" data-element_type=\"widget\" data-widget_type=\"spacer.default\">\n\t\t\t\t<div class=\"elementor-widget-container\">\n\t\t\t<style>\/*! elementor - v3.8.1 - 13-11-2022 *\/\n.elementor-column .elementor-spacer-inner{height:var(--spacer-size)}.e-con{--container-widget-width:100%}.e-con-inner>.elementor-widget-spacer,.e-con>.elementor-widget-spacer{width:var(--container-widget-width,var(--spacer-size));-ms-flex-item-align:stretch;align-self:stretch;-ms-flex-negative:0;flex-shrink:0}.e-con-inner>.elementor-widget-spacer>.elementor-widget-container,.e-con-inner>.elementor-widget-spacer>.elementor-widget-container>.elementor-spacer,.e-con>.elementor-widget-spacer>.elementor-widget-container,.e-con>.elementor-widget-spacer>.elementor-widget-container>.elementor-spacer{height:100%}.e-con-inner>.elementor-widget-spacer>.elementor-widget-container>.elementor-spacer>.elementor-spacer-inner,.e-con>.elementor-widget-spacer>.elementor-widget-container>.elementor-spacer>.elementor-spacer-inner{height:var(--container-widget-height,var(--spacer-size))}<\/style>\t\t<div class=\"elementor-spacer\">\n\t\t\t<div class=\"elementor-spacer-inner\"><\/div>\n\t\t<\/div>\n\t\t\t\t<\/div>\n\t\t\t\t<\/div>\n\t\t\t\t<div class=\"elementor-element elementor-element-52db166 elementor-widget elementor-widget-heading\" data-id=\"52db166\" data-element_type=\"widget\" data-widget_type=\"heading.default\">\n\t\t\t\t<div class=\"elementor-widget-container\">\n\t\t\t<style>\/*! elementor - v3.8.1 - 13-11-2022 *\/\n.elementor-heading-title{padding:0;margin:0;line-height:1}.elementor-widget-heading .elementor-heading-title[class*=elementor-size-]>a{color:inherit;font-size:inherit;line-height:inherit}.elementor-widget-heading .elementor-heading-title.elementor-size-small{font-size:15px}.elementor-widget-heading .elementor-heading-title.elementor-size-medium{font-size:19px}.elementor-widget-heading .elementor-heading-title.elementor-size-large{font-size:29px}.elementor-widget-heading .elementor-heading-title.elementor-size-xl{font-size:39px}.elementor-widget-heading .elementor-heading-title.elementor-size-xxl{font-size:59px}<\/style><h2 class=\"elementor-heading-title elementor-size-default\">Divers\u00e3o e Aventura - Barra Grande<\/h2>\t\t<\/div>\n\t\t\t\t<\/div>\n\t\t\t\t<div class=\"elementor-element elementor-element-4160ac6 elementor-widget elementor-widget-spacer\" data-id=\"4160ac6\" data-element_type=\"widget\" data-widget_type=\"spacer.default\">\n\t\t\t\t<div class=\"elementor-widget-container\">\n\t\t\t\t\t<div class=\"elementor-spacer\">\n\t\t\t<div class=\"elementor-spacer-inner\"><\/div>\n\t\t<\/div>\n\t\t\t\t<\/div>\n\t\t\t\t<\/div>\n\t\t\t\t\t<\/div>\n\t\t<\/div>\n\t\t\t\t\t\t\t<\/div>\n\t\t<\/section>\n\t\t\t\t<section class=\"elementor-section elementor-top-section elementor-element elementor-element-e93d30e elementor-section-boxed elementor-section-height-default elementor-section-height-default\" data-id=\"e93d30e\" data-element_type=\"section\">\n\t\t\t\t\t\t<div class=\"elementor-container elementor-column-gap-default\">\n\t\t\t\t\t<div class=\"elementor-column elementor-col-50 elementor-top-column elementor-element elementor-element-2c90f98\" data-id=\"2c90f98\" data-element_type=\"column\">\n\t\t\t<div class=\"elementor-widget-wrap elementor-element-populated\">\n\t\t\t\t\t\t\t\t<div class=\"elementor-element elementor-element-9f74a1a elementor-widget elementor-widget-text-editor\" data-id=\"9f74a1a\" data-element_type=\"widget\" data-widget_type=\"text-editor.default\">\n\t\t\t\t<div class=\"elementor-widget-container\">\n\t\t\t<style>\/*! elementor - v3.8.1 - 13-11-2022 *\/\n.elementor-widget-text-editor.elementor-drop-cap-view-stacked .elementor-drop-cap{background-color:#818a91;color:#fff}.elementor-widget-text-editor.elementor-drop-cap-view-framed .elementor-drop-cap{color:#818a91;border:3px solid;background-color:transparent}.elementor-widget-text-editor:not(.elementor-drop-cap-view-default) .elementor-drop-cap{margin-top:8px}.elementor-widget-text-editor:not(.elementor-drop-cap-view-default) .elementor-drop-cap-letter{width:1em;height:1em}.elementor-widget-text-editor .elementor-drop-cap{float:left;text-align:center;line-height:1;font-size:50px}.elementor-widget-text-editor .elementor-drop-cap-letter{display:inline-block}<\/style>\t\t\t\t<p>Ver o p\u00f4r do sol mais incr\u00edvel de mara\u00fa, na ponta do mut\u00e1.<\/p>\n<p>Passeio de lancha pelas ilhas<\/p>\n<p>Ilha da pedra furada<\/p>\n<p>Ilha do sapinho<\/p>\n<p>Ilha do goi\u00f3<\/p>\n<p>Ilha do campinho<\/p>\n<p>Conhecer a cachoeira do Trememb\u00e9<\/p>\n<p>Curtir o fim de tarde no rio carapitangui<\/p>\n<p>Fazer um passeio de jardineira<\/p>\n<p>Lagoa azul<\/p>\n<p>Lagoa do cassange<\/p>\n<p>Conhecer toda a Peninsula<\/p><p>Andar de SUP no Rio Carapitangui<br><\/p>\n<p>Passear pela Vila de Barra Grande \u00e0 noite<\/p>\t\t\t\t\t\t<\/div>\n\t\t\t\t<\/div>\n\t\t\t\t\t<\/div>\n\t\t<\/div>\n\t\t\t\t<div class=\"elementor-column elementor-col-50 elementor-top-column elementor-element elementor-element-be2252f\" data-id=\"be2252f\" data-element_type=\"column\">\n\t\t\t<div class=\"elementor-widget-wrap\">\n\t\t\t\t\t\t\t\t\t<\/div>\n\t\t<\/div>\n\t\t\t\t\t\t\t<\/div>\n\t\t<\/section>\n\t\t\t\t\t\t\t<\/div>\n\t\t","protected":false},"excerpt":{"rendered":"<p>Divers\u00e3o e Aventura &#8211; Barra Grande Ver o p\u00f4r do sol mais incr\u00edvel de mara\u00fa, na ponta do mut\u00e1. Passeio de lancha pelas ilhas Ilha da pedra furada Ilha do sapinho Ilha do goi\u00f3 Ilha do campinho Conhecer a cachoeira do Trememb\u00e9 Curtir o fim de tarde no rio carapitangui Fazer um passeio de jardineira [&hellip;]<\/p>\n","protected":false},"author":1,"featured_media":0,"parent":0,"menu_order":0,"comment_status":"closed","ping_status":"closed","template":"template-landing.php","meta":{"footnotes":""},"class_list":["post-6712","page","type-page","status-publish","hentry"],"acf":[],"_links":{"self":[{"href":"https:\/\/moradadaspalmeirasbg.com.br\/index.php?rest_route=\/wp\/v2\/pages\/6712","targetHints":{"allow":["GET"]}}],"collection":[{"href":"https:\/\/moradadaspalmeirasbg.com.br\/index.php?rest_route=\/wp\/v2\/pages"}],"about":[{"href":"https:\/\/moradadaspalmeirasbg.com.br\/index.php?rest_route=\/wp\/v2\/types\/page"}],"author":[{"embeddable":true,"href":"https:\/\/moradadaspalmeirasbg.com.br\/index.php?rest_route=\/wp\/v2\/users\/1"}],"replies":[{"embeddable":true,"href":"https:\/\/moradadaspalmeirasbg.com.br\/index.php?rest_route=%2Fwp%2Fv2%2Fcomments&post=6712"}],"version-history":[{"count":14,"href":"https:\/\/moradadaspalmeirasbg.com.br\/index.php?rest_route=\/wp\/v2\/pages\/6712\/revisions"}],"predecessor-version":[{"id":6770,"href":"https:\/\/moradadaspalmeirasbg.com.br\/index.php?rest_route=\/wp\/v2\/pages\/6712\/revisions\/6770"}],"wp:attachment":[{"href":"https:\/\/moradadaspalmeirasbg.com.br\/index.php?rest_route=%2Fwp%2Fv2%2Fmedia&parent=6712"}],"curies":[{"name":"wp","href":"https:\/\/api.w.org\/{rel}","templated":true}]}}