{"id":6659,"date":"2023-09-21T02:56:29","date_gmt":"2023-09-21T02:56:29","guid":{"rendered":"https:\/\/moradadaspalmeirasbg.com.br\/?page_id=6659"},"modified":"2023-09-21T03:09:32","modified_gmt":"2023-09-21T03:09:32","slug":"a-morada","status":"publish","type":"page","link":"https:\/\/moradadaspalmeirasbg.com.br\/?page_id=6659","title":{"rendered":"A Morada"},"content":{"rendered":"\t\t<div data-elementor-type=\"wp-page\" data-elementor-id=\"6659\" class=\"elementor elementor-6659\">\n\t\t\t\t\t\t\t\t\t<section class=\"elementor-section elementor-top-section elementor-element elementor-element-3f8daaa elementor-section-boxed elementor-section-height-default elementor-section-height-default\" data-id=\"3f8daaa\" data-element_type=\"section\" data-settings=\"{&quot;background_background&quot;:&quot;classic&quot;}\">\n\t\t\t\t\t\t<div class=\"elementor-container elementor-column-gap-default\">\n\t\t\t\t\t<div class=\"elementor-column elementor-col-100 elementor-top-column elementor-element elementor-element-f1982cc\" data-id=\"f1982cc\" data-element_type=\"column\">\n\t\t\t<div class=\"elementor-widget-wrap elementor-element-populated\">\n\t\t\t\t\t\t\t\t<div class=\"elementor-element elementor-element-2302aad elementor-widget elementor-widget-spacer\" data-id=\"2302aad\" data-element_type=\"widget\" data-widget_type=\"spacer.default\">\n\t\t\t\t<div class=\"elementor-widget-container\">\n\t\t\t<style>\/*! elementor - v3.8.1 - 13-11-2022 *\/\n.elementor-column .elementor-spacer-inner{height:var(--spacer-size)}.e-con{--container-widget-width:100%}.e-con-inner>.elementor-widget-spacer,.e-con>.elementor-widget-spacer{width:var(--container-widget-width,var(--spacer-size));-ms-flex-item-align:stretch;align-self:stretch;-ms-flex-negative:0;flex-shrink:0}.e-con-inner>.elementor-widget-spacer>.elementor-widget-container,.e-con-inner>.elementor-widget-spacer>.elementor-widget-container>.elementor-spacer,.e-con>.elementor-widget-spacer>.elementor-widget-container,.e-con>.elementor-widget-spacer>.elementor-widget-container>.elementor-spacer{height:100%}.e-con-inner>.elementor-widget-spacer>.elementor-widget-container>.elementor-spacer>.elementor-spacer-inner,.e-con>.elementor-widget-spacer>.elementor-widget-container>.elementor-spacer>.elementor-spacer-inner{height:var(--container-widget-height,var(--spacer-size))}<\/style>\t\t<div class=\"elementor-spacer\">\n\t\t\t<div class=\"elementor-spacer-inner\"><\/div>\n\t\t<\/div>\n\t\t\t\t<\/div>\n\t\t\t\t<\/div>\n\t\t\t\t<div class=\"elementor-element elementor-element-babd2ce elementor-widget elementor-widget-heading\" data-id=\"babd2ce\" data-element_type=\"widget\" data-widget_type=\"heading.default\">\n\t\t\t\t<div class=\"elementor-widget-container\">\n\t\t\t<style>\/*! elementor - v3.8.1 - 13-11-2022 *\/\n.elementor-heading-title{padding:0;margin:0;line-height:1}.elementor-widget-heading .elementor-heading-title[class*=elementor-size-]>a{color:inherit;font-size:inherit;line-height:inherit}.elementor-widget-heading .elementor-heading-title.elementor-size-small{font-size:15px}.elementor-widget-heading .elementor-heading-title.elementor-size-medium{font-size:19px}.elementor-widget-heading .elementor-heading-title.elementor-size-large{font-size:29px}.elementor-widget-heading .elementor-heading-title.elementor-size-xl{font-size:39px}.elementor-widget-heading .elementor-heading-title.elementor-size-xxl{font-size:59px}<\/style><h1 class=\"elementor-heading-title elementor-size-default\">A Pousada<\/h1>\t\t<\/div>\n\t\t\t\t<\/div>\n\t\t\t\t\t<\/div>\n\t\t<\/div>\n\t\t\t\t\t\t\t<\/div>\n\t\t<\/section>\n\t\t\t\t<section class=\"elementor-section elementor-top-section elementor-element elementor-element-19b42e1 elementor-section-boxed elementor-section-height-default elementor-section-height-default\" data-id=\"19b42e1\" data-element_type=\"section\">\n\t\t\t\t\t\t<div class=\"elementor-container elementor-column-gap-default\">\n\t\t\t\t\t<div class=\"elementor-column elementor-col-50 elementor-top-column elementor-element elementor-element-4f5fa6c\" data-id=\"4f5fa6c\" data-element_type=\"column\">\n\t\t\t<div class=\"elementor-widget-wrap elementor-element-populated\">\n\t\t\t\t\t\t\t\t<div class=\"elementor-element elementor-element-587f541 elementor-widget elementor-widget-text-editor\" data-id=\"587f541\" data-element_type=\"widget\" data-widget_type=\"text-editor.default\">\n\t\t\t\t<div class=\"elementor-widget-container\">\n\t\t\t<style>\/*! elementor - v3.8.1 - 13-11-2022 *\/\n.elementor-widget-text-editor.elementor-drop-cap-view-stacked .elementor-drop-cap{background-color:#818a91;color:#fff}.elementor-widget-text-editor.elementor-drop-cap-view-framed .elementor-drop-cap{color:#818a91;border:3px solid;background-color:transparent}.elementor-widget-text-editor:not(.elementor-drop-cap-view-default) .elementor-drop-cap{margin-top:8px}.elementor-widget-text-editor:not(.elementor-drop-cap-view-default) .elementor-drop-cap-letter{width:1em;height:1em}.elementor-widget-text-editor .elementor-drop-cap{float:left;text-align:center;line-height:1;font-size:50px}.elementor-widget-text-editor .elementor-drop-cap-letter{display:inline-block}<\/style>\t\t\t\t<p>Localizada em Barra Grande, a 600 metros da Praia da Ponta do Muta, a Morada das Palmeiras oferece quartos com Wi-Fi gratuito. A acomoda\u00e7\u00e3o oferece servi\u00e7o de quarto e servi\u00e7o de limpeza di\u00e1rio.<\/p><p>As unidades da pousada est\u00e3o equipadas com TV de tela plana e ar condicionado. Os quartos incluem banheiro privativo, amenidades de banho gratuitas e roupa de cama.<\/p><p>Servimos caf\u00e9 da manh\u00e3 continental.<\/p><p>O aeroporto mais pr\u00f3ximo \u00e9 o Aeroporto de Ilh\u00e9us\/Bahia &#8211; Jorge Amado, a 128 km da acomoda\u00e7\u00e3o.<\/p>\t\t\t\t\t\t<\/div>\n\t\t\t\t<\/div>\n\t\t\t\t<div class=\"elementor-element elementor-element-ccee3db elementor-widget elementor-widget-image\" data-id=\"ccee3db\" data-element_type=\"widget\" data-widget_type=\"image.default\">\n\t\t\t\t<div class=\"elementor-widget-container\">\n\t\t\t<style>\/*! elementor - v3.8.1 - 13-11-2022 *\/\n.elementor-widget-image{text-align:center}.elementor-widget-image a{display:inline-block}.elementor-widget-image a img[src$=\".svg\"]{width:48px}.elementor-widget-image img{vertical-align:middle;display:inline-block}<\/style>\t\t\t\t\t\t\t\t\t\t\t\t<img loading=\"lazy\" decoding=\"async\" width=\"462\" height=\"212\" src=\"https:\/\/moradadaspalmeirasbg.com.br\/wp-content\/uploads\/2023\/09\/Captura-de-tela-de-2023-09-17-19-42-00.png\" class=\"attachment-large size-large\" alt=\"\" srcset=\"https:\/\/moradadaspalmeirasbg.com.br\/wp-content\/uploads\/2023\/09\/Captura-de-tela-de-2023-09-17-19-42-00.png 462w, https:\/\/moradadaspalmeirasbg.com.br\/wp-content\/uploads\/2023\/09\/Captura-de-tela-de-2023-09-17-19-42-00-300x138.png 300w, https:\/\/moradadaspalmeirasbg.com.br\/wp-content\/uploads\/2023\/09\/Captura-de-tela-de-2023-09-17-19-42-00-70x32.png 70w\" sizes=\"auto, (max-width: 462px) 100vw, 462px\" \/>\t\t\t\t\t\t\t\t\t\t\t\t\t\t\t<\/div>\n\t\t\t\t<\/div>\n\t\t\t\t\t<\/div>\n\t\t<\/div>\n\t\t\t\t<div class=\"elementor-column elementor-col-50 elementor-top-column elementor-element elementor-element-21d0e36\" data-id=\"21d0e36\" data-element_type=\"column\">\n\t\t\t<div class=\"elementor-widget-wrap elementor-element-populated\">\n\t\t\t\t\t\t\t\t<div class=\"elementor-element elementor-element-9170e2f elementor-widget elementor-widget-yprm_gallery\" data-id=\"9170e2f\" data-element_type=\"widget\" data-settings=\"{&quot;content_hover_animation&quot;:&quot;type_3&quot;,&quot;cols_xs&quot;:2,&quot;cols_sm&quot;:2,&quot;cols_md&quot;:2,&quot;cols_lg&quot;:2,&quot;cols_xl&quot;:2,&quot;gallery_layout&quot;:&quot;grid&quot;}\" data-widget_type=\"yprm_gallery.default\">\n\t\t\t\t<div class=\"elementor-widget-container\">\n\t\t\t\t\t\t<div data-portfolio-settings=\"{&quot;gallery_layout&quot;:&quot;grid&quot;}\" id=\"project-slider-69e4b6944a7c1\" class=\"project-grid-page elementor-block gallery-block\">\n\t\t\t\t\t\t\t\t\t<div class=\"portfolio_hover_type_3 post-gallery-grid row popup-gallery gallery-type-grid disable-iso\">\n\t\t\t\t\t\t<div class=\"grid-sizer col-1\"><\/div>              <div class=\"portfolio-item popup-item col-6 col-sm-6 col-md-6 col-lg-6 col-xl-6\">\n          <div class=\"wrap\">\n                          <div class=\"a-img\" data-original=\"https:\/\/moradadaspalmeirasbg.com.br\/wp-content\/uploads\/2023\/09\/165124625.jpg\"><div style=\"background-image: url(https:\/\/moradadaspalmeirasbg.com.br\/wp-content\/uploads\/2023\/09\/165124625.jpg)\"><\/div><\/div>\n            \n                        <a href=\"#\" data-popup-json=\"{&quot;image&quot;:{&quot;url&quot;:&quot;https:\\\/\\\/moradadaspalmeirasbg.com.br\\\/wp-content\\\/uploads\\\/2023\\\/09\\\/165124625.jpg&quot;,&quot;w&quot;:1023,&quot;h&quot;:768},&quot;post_id&quot;:6329}\" data-id=\"0\"><\/a>\n          <\/div>\n\t\t\t\t<\/div>\n\t\t\t              <div class=\"portfolio-item popup-item col-6 col-sm-6 col-md-6 col-lg-6 col-xl-6\">\n          <div class=\"wrap\">\n                          <div class=\"a-img\" data-original=\"https:\/\/moradadaspalmeirasbg.com.br\/wp-content\/uploads\/2023\/09\/136473390.jpg\"><div style=\"background-image: url(https:\/\/moradadaspalmeirasbg.com.br\/wp-content\/uploads\/2023\/09\/136473390.jpg)\"><\/div><\/div>\n            \n                        <a href=\"#\" data-popup-json=\"{&quot;image&quot;:{&quot;url&quot;:&quot;https:\\\/\\\/moradadaspalmeirasbg.com.br\\\/wp-content\\\/uploads\\\/2023\\\/09\\\/136473390.jpg&quot;,&quot;w&quot;:1024,&quot;h&quot;:768},&quot;post_id&quot;:6323}\" data-id=\"1\"><\/a>\n          <\/div>\n\t\t\t\t<\/div>\n\t\t\t              <div class=\"portfolio-item popup-item col-6 col-sm-6 col-md-6 col-lg-6 col-xl-6\">\n          <div class=\"wrap\">\n                          <div class=\"a-img\" data-original=\"https:\/\/moradadaspalmeirasbg.com.br\/wp-content\/uploads\/2023\/09\/267780777.jpg\"><div style=\"background-image: url(https:\/\/moradadaspalmeirasbg.com.br\/wp-content\/uploads\/2023\/09\/267780777.jpg)\"><\/div><\/div>\n            \n                        <a href=\"#\" data-popup-json=\"{&quot;image&quot;:{&quot;url&quot;:&quot;https:\\\/\\\/moradadaspalmeirasbg.com.br\\\/wp-content\\\/uploads\\\/2023\\\/09\\\/267780777.jpg&quot;,&quot;w&quot;:1024,&quot;h&quot;:768},&quot;post_id&quot;:6331}\" data-id=\"2\"><\/a>\n          <\/div>\n\t\t\t\t<\/div>\n\t\t\t              <div class=\"portfolio-item popup-item col-6 col-sm-6 col-md-6 col-lg-6 col-xl-6\">\n          <div class=\"wrap\">\n                          <div class=\"a-img\" data-original=\"https:\/\/moradadaspalmeirasbg.com.br\/wp-content\/uploads\/2023\/09\/136473385.jpg\"><div style=\"background-image: url(https:\/\/moradadaspalmeirasbg.com.br\/wp-content\/uploads\/2023\/09\/136473385.jpg)\"><\/div><\/div>\n            \n                        <a href=\"#\" data-popup-json=\"{&quot;image&quot;:{&quot;url&quot;:&quot;https:\\\/\\\/moradadaspalmeirasbg.com.br\\\/wp-content\\\/uploads\\\/2023\\\/09\\\/136473385.jpg&quot;,&quot;w&quot;:1024,&quot;h&quot;:768},&quot;post_id&quot;:6324}\" data-id=\"3\"><\/a>\n          <\/div>\n\t\t\t\t<\/div>\n\t\t\t              <div class=\"portfolio-item popup-item col-6 col-sm-6 col-md-6 col-lg-6 col-xl-6\">\n          <div class=\"wrap\">\n                          <div class=\"a-img\" data-original=\"https:\/\/moradadaspalmeirasbg.com.br\/wp-content\/uploads\/2023\/09\/165124702.jpg\"><div style=\"background-image: url(https:\/\/moradadaspalmeirasbg.com.br\/wp-content\/uploads\/2023\/09\/165124702.jpg)\"><\/div><\/div>\n            \n                        <a href=\"#\" data-popup-json=\"{&quot;image&quot;:{&quot;url&quot;:&quot;https:\\\/\\\/moradadaspalmeirasbg.com.br\\\/wp-content\\\/uploads\\\/2023\\\/09\\\/165124702.jpg&quot;,&quot;w&quot;:1024,&quot;h&quot;:768},&quot;post_id&quot;:6325}\" data-id=\"4\"><\/a>\n          <\/div>\n\t\t\t\t<\/div>\n\t\t\t              <div class=\"portfolio-item popup-item col-6 col-sm-6 col-md-6 col-lg-6 col-xl-6\">\n          <div class=\"wrap\">\n                          <div class=\"a-img\" data-original=\"https:\/\/moradadaspalmeirasbg.com.br\/wp-content\/uploads\/2023\/09\/165124630.jpg\"><div style=\"background-image: url(https:\/\/moradadaspalmeirasbg.com.br\/wp-content\/uploads\/2023\/09\/165124630.jpg)\"><\/div><\/div>\n            \n                        <a href=\"#\" data-popup-json=\"{&quot;image&quot;:{&quot;url&quot;:&quot;https:\\\/\\\/moradadaspalmeirasbg.com.br\\\/wp-content\\\/uploads\\\/2023\\\/09\\\/165124630.jpg&quot;,&quot;w&quot;:1024,&quot;h&quot;:768},&quot;post_id&quot;:6328}\" data-id=\"5\"><\/a>\n          <\/div>\n\t\t\t\t<\/div>\n\t\t\t              <div class=\"portfolio-item popup-item col-6 col-sm-6 col-md-6 col-lg-6 col-xl-6\">\n          <div class=\"wrap\">\n                          <div class=\"a-img\" data-original=\"https:\/\/moradadaspalmeirasbg.com.br\/wp-content\/uploads\/2023\/09\/165124620.jpg\"><div style=\"background-image: url(https:\/\/moradadaspalmeirasbg.com.br\/wp-content\/uploads\/2023\/09\/165124620.jpg)\"><\/div><\/div>\n            \n                        <a href=\"#\" data-popup-json=\"{&quot;image&quot;:{&quot;url&quot;:&quot;https:\\\/\\\/moradadaspalmeirasbg.com.br\\\/wp-content\\\/uploads\\\/2023\\\/09\\\/165124620.jpg&quot;,&quot;w&quot;:1024,&quot;h&quot;:768},&quot;post_id&quot;:6330}\" data-id=\"6\"><\/a>\n          <\/div>\n\t\t\t\t<\/div>\n\t\t\t              <div class=\"portfolio-item popup-item col-6 col-sm-6 col-md-6 col-lg-6 col-xl-6\">\n          <div class=\"wrap\">\n                          <div class=\"a-img\" data-original=\"https:\/\/moradadaspalmeirasbg.com.br\/wp-content\/uploads\/2023\/09\/90439356.jpg\"><div style=\"background-image: url(https:\/\/moradadaspalmeirasbg.com.br\/wp-content\/uploads\/2023\/09\/90439356.jpg)\"><\/div><\/div>\n            \n                        <a href=\"#\" data-popup-json=\"{&quot;image&quot;:{&quot;url&quot;:&quot;https:\\\/\\\/moradadaspalmeirasbg.com.br\\\/wp-content\\\/uploads\\\/2023\\\/09\\\/90439356.jpg&quot;,&quot;w&quot;:1024,&quot;h&quot;:768},&quot;post_id&quot;:6319}\" data-id=\"7\"><\/a>\n          <\/div>\n\t\t\t\t<\/div>\n\t\t\t              <div class=\"portfolio-item popup-item col-6 col-sm-6 col-md-6 col-lg-6 col-xl-6\">\n          <div class=\"wrap\">\n                          <div class=\"a-img\" data-original=\"https:\/\/moradadaspalmeirasbg.com.br\/wp-content\/uploads\/2023\/09\/165124670.jpg\"><div style=\"background-image: url(https:\/\/moradadaspalmeirasbg.com.br\/wp-content\/uploads\/2023\/09\/165124670.jpg)\"><\/div><\/div>\n            \n                        <a href=\"#\" data-popup-json=\"{&quot;image&quot;:{&quot;url&quot;:&quot;https:\\\/\\\/moradadaspalmeirasbg.com.br\\\/wp-content\\\/uploads\\\/2023\\\/09\\\/165124670.jpg&quot;,&quot;w&quot;:901,&quot;h&quot;:768},&quot;post_id&quot;:6332}\" data-id=\"8\"><\/a>\n          <\/div>\n\t\t\t\t<\/div>\n\t\t\t              <div class=\"portfolio-item popup-item col-6 col-sm-6 col-md-6 col-lg-6 col-xl-6\">\n          <div class=\"wrap\">\n                          <div class=\"a-img\" data-original=\"https:\/\/moradadaspalmeirasbg.com.br\/wp-content\/uploads\/2023\/09\/136471639.jpg\"><div style=\"background-image: url(https:\/\/moradadaspalmeirasbg.com.br\/wp-content\/uploads\/2023\/09\/136471639.jpg)\"><\/div><\/div>\n            \n                        <a href=\"#\" data-popup-json=\"{&quot;image&quot;:{&quot;url&quot;:&quot;https:\\\/\\\/moradadaspalmeirasbg.com.br\\\/wp-content\\\/uploads\\\/2023\\\/09\\\/136471639.jpg&quot;,&quot;w&quot;:576,&quot;h&quot;:768},&quot;post_id&quot;:6321}\" data-id=\"9\"><\/a>\n          <\/div>\n\t\t\t\t<\/div>\n\t\t\t\t\t  \t\t\t\t\t<\/div>\n\t\t\t\t\t\t\t<\/div>\n\t\t\t\t<\/div>\n\t\t\t\t<\/div>\n\t\t\t\t\t<\/div>\n\t\t<\/div>\n\t\t\t\t\t\t\t<\/div>\n\t\t<\/section>\n\t\t\t\t\t\t\t<\/div>\n\t\t","protected":false},"excerpt":{"rendered":"<p>A Pousada Localizada em Barra Grande, a 600 metros da Praia da Ponta do Muta, a Morada das Palmeiras oferece quartos com Wi-Fi gratuito. A acomoda\u00e7\u00e3o oferece servi\u00e7o de quarto e servi\u00e7o de limpeza di\u00e1rio. As unidades da pousada est\u00e3o equipadas com TV de tela plana e ar condicionado. Os quartos incluem banheiro privativo, amenidades [&hellip;]<\/p>\n","protected":false},"author":1,"featured_media":0,"parent":0,"menu_order":0,"comment_status":"closed","ping_status":"closed","template":"template-landing.php","meta":{"footnotes":""},"class_list":["post-6659","page","type-page","status-publish","hentry"],"acf":[],"_links":{"self":[{"href":"https:\/\/moradadaspalmeirasbg.com.br\/index.php?rest_route=\/wp\/v2\/pages\/6659","targetHints":{"allow":["GET"]}}],"collection":[{"href":"https:\/\/moradadaspalmeirasbg.com.br\/index.php?rest_route=\/wp\/v2\/pages"}],"about":[{"href":"https:\/\/moradadaspalmeirasbg.com.br\/index.php?rest_route=\/wp\/v2\/types\/page"}],"author":[{"embeddable":true,"href":"https:\/\/moradadaspalmeirasbg.com.br\/index.php?rest_route=\/wp\/v2\/users\/1"}],"replies":[{"embeddable":true,"href":"https:\/\/moradadaspalmeirasbg.com.br\/index.php?rest_route=%2Fwp%2Fv2%2Fcomments&post=6659"}],"version-history":[{"count":16,"href":"https:\/\/moradadaspalmeirasbg.com.br\/index.php?rest_route=\/wp\/v2\/pages\/6659\/revisions"}],"predecessor-version":[{"id":6678,"href":"https:\/\/moradadaspalmeirasbg.com.br\/index.php?rest_route=\/wp\/v2\/pages\/6659\/revisions\/6678"}],"wp:attachment":[{"href":"https:\/\/moradadaspalmeirasbg.com.br\/index.php?rest_route=%2Fwp%2Fv2%2Fmedia&parent=6659"}],"curies":[{"name":"wp","href":"https:\/\/api.w.org\/{rel}","templated":true}]}}