{"id":3361,"date":"2021-06-24T13:37:29","date_gmt":"2021-06-24T13:37:29","guid":{"rendered":"https:\/\/promo-theme.com\/novo\/?page_id=3361"},"modified":"2023-09-21T02:55:24","modified_gmt":"2023-09-21T02:55:24","slug":"a_pousada","status":"publish","type":"page","link":"https:\/\/moradadaspalmeirasbg.com.br\/?page_id=3361","title":{"rendered":"A pousada"},"content":{"rendered":"\t\t<div data-elementor-type=\"wp-page\" data-elementor-id=\"3361\" class=\"elementor elementor-3361\">\n\t\t\t\t\t\t\t\t\t<section class=\"elementor-section elementor-top-section elementor-element elementor-element-c3b4fbf elementor-section-full_width elementor-section-height-default elementor-section-height-default\" data-id=\"c3b4fbf\" data-element_type=\"section\">\n\t\t\t\t\t\t<div class=\"elementor-container elementor-column-gap-no\">\n\t\t\t\t\t<div class=\"elementor-column elementor-col-100 elementor-top-column elementor-element elementor-element-5b56e08\" data-id=\"5b56e08\" data-element_type=\"column\">\n\t\t\t<div class=\"elementor-widget-wrap elementor-element-populated\">\n\t\t\t\t\t\t\t\t<div class=\"elementor-element elementor-element-99a2340 elementor--h-position-center elementor--v-position-middle elementor-arrows-position-inside elementor-pagination-position-inside elementor-widget elementor-widget-slides\" data-id=\"99a2340\" data-element_type=\"widget\" data-settings=\"{&quot;navigation&quot;:&quot;both&quot;,&quot;autoplay&quot;:&quot;yes&quot;,&quot;pause_on_hover&quot;:&quot;yes&quot;,&quot;pause_on_interaction&quot;:&quot;yes&quot;,&quot;autoplay_speed&quot;:5000,&quot;infinite&quot;:&quot;yes&quot;,&quot;transition&quot;:&quot;slide&quot;,&quot;transition_speed&quot;:500}\" data-widget_type=\"slides.default\">\n\t\t\t\t<div class=\"elementor-widget-container\">\n\t\t\t<style>\/*! elementor-pro - v3.7.5 - 31-08-2022 *\/\n.elementor-slides .swiper-slide-bg{background-size:cover;background-position:50%;background-repeat:no-repeat;min-width:100%;min-height:100%}.elementor-slides .swiper-slide-inner{background-repeat:no-repeat;background-position:50%;position:absolute;top:0;left:0;bottom:0;right:0;padding:50px;margin:auto}.elementor-slides .swiper-slide-inner,.elementor-slides .swiper-slide-inner:hover{color:#fff;display:-webkit-box;display:-ms-flexbox;display:flex}.elementor-slides .swiper-slide-inner .elementor-background-overlay{position:absolute;z-index:0;top:0;bottom:0;left:0;right:0}.elementor-slides .swiper-slide-inner .elementor-slide-content{position:relative;z-index:1;width:100%}.elementor-slides .swiper-slide-inner .elementor-slide-heading{font-size:35px;font-weight:700;line-height:1}.elementor-slides .swiper-slide-inner .elementor-slide-description{font-size:17px;line-height:1.4}.elementor-slides .swiper-slide-inner .elementor-slide-description:not(:last-child),.elementor-slides .swiper-slide-inner .elementor-slide-heading:not(:last-child){margin-bottom:30px}.elementor-slides .swiper-slide-inner .elementor-slide-button{border:2px solid #fff;color:#fff;background:transparent;display:inline-block}.elementor-slides .swiper-slide-inner .elementor-slide-button,.elementor-slides .swiper-slide-inner .elementor-slide-button:hover{background:transparent;color:inherit;text-decoration:none}.elementor--v-position-top .swiper-slide-inner{-webkit-box-align:start;-ms-flex-align:start;align-items:flex-start}.elementor--v-position-bottom .swiper-slide-inner{-webkit-box-align:end;-ms-flex-align:end;align-items:flex-end}.elementor--v-position-middle .swiper-slide-inner{-webkit-box-align:center;-ms-flex-align:center;align-items:center}.elementor--h-position-left .swiper-slide-inner{-webkit-box-pack:start;-ms-flex-pack:start;justify-content:flex-start}.elementor--h-position-right .swiper-slide-inner{-webkit-box-pack:end;-ms-flex-pack:end;justify-content:flex-end}.elementor--h-position-center .swiper-slide-inner{-webkit-box-pack:center;-ms-flex-pack:center;justify-content:center}body.rtl .elementor-widget-slides .elementor-swiper-button-next{left:10px;right:auto}body.rtl .elementor-widget-slides .elementor-swiper-button-prev{right:10px;left:auto}.elementor-slides-wrapper div:not(.swiper-slide)>.swiper-slide-inner{display:none}@media (max-width:767px){.elementor-slides .swiper-slide-inner{padding:30px}.elementor-slides .swiper-slide-inner .elementor-slide-heading{font-size:23px;line-height:1;margin-bottom:15px}.elementor-slides .swiper-slide-inner .elementor-slide-description{font-size:13px;line-height:1.4;margin-bottom:15px}}<\/style>\t\t<div class=\"elementor-swiper\">\n\t\t\t<div class=\"elementor-slides-wrapper elementor-main-swiper swiper-container\" dir=\"ltr\" data-animation=\"fadeInUp\">\n\t\t\t\t<div class=\"swiper-wrapper elementor-slides\">\n\t\t\t\t\t\t\t\t\t\t<div class=\"elementor-repeater-item-3a0d04d swiper-slide\"><div class=\"swiper-slide-bg\"><\/div><div class=\"swiper-slide-inner\" ><div class=\"swiper-slide-contents\"><\/div><\/div><\/div>\t\t\t\t<\/div>\n\t\t\t\t\t\t\t<\/div>\n\t\t<\/div>\n\t\t\t\t<\/div>\n\t\t\t\t<\/div>\n\t\t\t\t\t<\/div>\n\t\t<\/div>\n\t\t\t\t\t\t\t<\/div>\n\t\t<\/section>\n\t\t\t\t<section class=\"elementor-section elementor-top-section elementor-element elementor-element-0ec9e9b elementor-section-boxed elementor-section-height-default elementor-section-height-default\" data-id=\"0ec9e9b\" data-element_type=\"section\" data-settings=\"{&quot;background_background&quot;:&quot;gradient&quot;}\">\n\t\t\t\t\t\t<div class=\"elementor-container elementor-column-gap-default\">\n\t\t\t\t\t<div class=\"elementor-column elementor-col-100 elementor-top-column elementor-element elementor-element-068a9e8\" data-id=\"068a9e8\" data-element_type=\"column\">\n\t\t\t<div class=\"elementor-widget-wrap elementor-element-populated\">\n\t\t\t\t\t\t\t\t<div class=\"elementor-element elementor-element-4ee2dcc elementor-widget elementor-widget-image\" data-id=\"4ee2dcc\" data-element_type=\"widget\" data-widget_type=\"image.default\">\n\t\t\t\t<div class=\"elementor-widget-container\">\n\t\t\t<style>\/*! elementor - v3.8.1 - 13-11-2022 *\/\n.elementor-widget-image{text-align:center}.elementor-widget-image a{display:inline-block}.elementor-widget-image a img[src$=\".svg\"]{width:48px}.elementor-widget-image img{vertical-align:middle;display:inline-block}<\/style>\t\t\t\t\t\t\t\t\t\t\t\t<img loading=\"lazy\" decoding=\"async\" width=\"295\" height=\"66\" src=\"https:\/\/moradadaspalmeirasbg.com.br\/wp-content\/uploads\/2022\/11\/apousada.png\" class=\"attachment-full size-full\" alt=\"\" srcset=\"https:\/\/moradadaspalmeirasbg.com.br\/wp-content\/uploads\/2022\/11\/apousada.png 295w, https:\/\/moradadaspalmeirasbg.com.br\/wp-content\/uploads\/2022\/11\/apousada-70x16.png 70w\" sizes=\"auto, (max-width: 295px) 100vw, 295px\" \/>\t\t\t\t\t\t\t\t\t\t\t\t\t\t\t<\/div>\n\t\t\t\t<\/div>\n\t\t\t\t\t<\/div>\n\t\t<\/div>\n\t\t\t\t\t\t\t<\/div>\n\t\t<\/section>\n\t\t\t\t<section class=\"elementor-section elementor-top-section elementor-element elementor-element-a2fc22e elementor-section-boxed elementor-section-height-default elementor-section-height-default\" data-id=\"a2fc22e\" data-element_type=\"section\">\n\t\t\t\t\t\t<div class=\"elementor-container elementor-column-gap-default\">\n\t\t\t\t\t<div class=\"elementor-column elementor-col-50 elementor-top-column elementor-element elementor-element-ad898c0\" data-id=\"ad898c0\" data-element_type=\"column\">\n\t\t\t<div class=\"elementor-widget-wrap elementor-element-populated\">\n\t\t\t\t\t\t\t\t<div class=\"elementor-element elementor-element-ebd3b5e elementor-widget elementor-widget-text-editor\" data-id=\"ebd3b5e\" data-element_type=\"widget\" data-widget_type=\"text-editor.default\">\n\t\t\t\t<div class=\"elementor-widget-container\">\n\t\t\t<style>\/*! elementor - v3.8.1 - 13-11-2022 *\/\n.elementor-widget-text-editor.elementor-drop-cap-view-stacked .elementor-drop-cap{background-color:#818a91;color:#fff}.elementor-widget-text-editor.elementor-drop-cap-view-framed .elementor-drop-cap{color:#818a91;border:3px solid;background-color:transparent}.elementor-widget-text-editor:not(.elementor-drop-cap-view-default) .elementor-drop-cap{margin-top:8px}.elementor-widget-text-editor:not(.elementor-drop-cap-view-default) .elementor-drop-cap-letter{width:1em;height:1em}.elementor-widget-text-editor .elementor-drop-cap{float:left;text-align:center;line-height:1;font-size:50px}.elementor-widget-text-editor .elementor-drop-cap-letter{display:inline-block}<\/style>\t\t\t\t<p>Localizada em Barra Grande, a 600 metros da Praia da Ponta do Muta, a Morada das Palmeiras oferece quartos com ar-condicionado e Wi-Fi gratuito. A acomoda\u00e7\u00e3o oferece servi\u00e7o de quarto e servi\u00e7o de limpeza di\u00e1rio.<\/p><p>As unidades da pousada est\u00e3o equipadas com TV de tela plana. Os quartos incluem banheiro privativo, amenidades de banho gratuitas e roupa de cama.<\/p><p>A Morada das Palmeiras serve caf\u00e9 da manh\u00e3 continental.<\/p><p>O aeroporto mais pr\u00f3ximo \u00e9 o Aeroporto de Ilh\u00e9us\/Bahia &#8211; Jorge Amado, a 128 km da acomoda\u00e7\u00e3o.<\/p>\t\t\t\t\t\t<\/div>\n\t\t\t\t<\/div>\n\t\t\t\t<div class=\"elementor-element elementor-element-eaa30b0 elementor-widget elementor-widget-image\" data-id=\"eaa30b0\" data-element_type=\"widget\" data-widget_type=\"image.default\">\n\t\t\t\t<div class=\"elementor-widget-container\">\n\t\t\t\t\t\t\t\t\t\t\t\t\t\t\t<img loading=\"lazy\" decoding=\"async\" width=\"462\" height=\"212\" src=\"https:\/\/moradadaspalmeirasbg.com.br\/wp-content\/uploads\/2023\/09\/Captura-de-tela-de-2023-09-17-19-42-00.png\" class=\"attachment-large size-large\" alt=\"\" srcset=\"https:\/\/moradadaspalmeirasbg.com.br\/wp-content\/uploads\/2023\/09\/Captura-de-tela-de-2023-09-17-19-42-00.png 462w, https:\/\/moradadaspalmeirasbg.com.br\/wp-content\/uploads\/2023\/09\/Captura-de-tela-de-2023-09-17-19-42-00-300x138.png 300w, https:\/\/moradadaspalmeirasbg.com.br\/wp-content\/uploads\/2023\/09\/Captura-de-tela-de-2023-09-17-19-42-00-70x32.png 70w\" sizes=\"auto, (max-width: 462px) 100vw, 462px\" \/>\t\t\t\t\t\t\t\t\t\t\t\t\t\t\t<\/div>\n\t\t\t\t<\/div>\n\t\t\t\t\t<\/div>\n\t\t<\/div>\n\t\t\t\t<div class=\"elementor-column elementor-col-50 elementor-top-column elementor-element elementor-element-02b5901\" data-id=\"02b5901\" data-element_type=\"column\">\n\t\t\t<div class=\"elementor-widget-wrap elementor-element-populated\">\n\t\t\t\t\t\t\t\t<div class=\"elementor-element elementor-element-78b11f1 elementor-widget elementor-widget-yprm_gallery\" data-id=\"78b11f1\" data-element_type=\"widget\" data-settings=\"{&quot;content_hover_animation&quot;:&quot;type_3&quot;,&quot;cols_xs&quot;:2,&quot;cols_sm&quot;:2,&quot;cols_md&quot;:2,&quot;cols_lg&quot;:2,&quot;cols_xl&quot;:2,&quot;gallery_layout&quot;:&quot;grid&quot;}\" data-widget_type=\"yprm_gallery.default\">\n\t\t\t\t<div class=\"elementor-widget-container\">\n\t\t\t\t\t\t<div data-portfolio-settings=\"{&quot;gallery_layout&quot;:&quot;grid&quot;}\" id=\"project-slider-69e4b692c820b\" class=\"project-grid-page elementor-block gallery-block\">\n\t\t\t\t\t\t\t\t\t<div class=\"portfolio_hover_type_3 post-gallery-grid row popup-gallery gallery-type-grid disable-iso\">\n\t\t\t\t\t\t<div class=\"grid-sizer col-1\"><\/div>              <div class=\"portfolio-item popup-item col-6 col-sm-6 col-md-6 col-lg-6 col-xl-6\">\n          <div class=\"wrap\">\n                          <div class=\"a-img\" data-original=\"https:\/\/moradadaspalmeirasbg.com.br\/wp-content\/uploads\/2023\/09\/165124625.jpg\"><div style=\"background-image: url(https:\/\/moradadaspalmeirasbg.com.br\/wp-content\/uploads\/2023\/09\/165124625.jpg)\"><\/div><\/div>\n            \n                        <a href=\"#\" data-popup-json=\"{&quot;image&quot;:{&quot;url&quot;:&quot;https:\\\/\\\/moradadaspalmeirasbg.com.br\\\/wp-content\\\/uploads\\\/2023\\\/09\\\/165124625.jpg&quot;,&quot;w&quot;:1023,&quot;h&quot;:768},&quot;post_id&quot;:6329}\" data-id=\"0\"><\/a>\n          <\/div>\n\t\t\t\t<\/div>\n\t\t\t              <div class=\"portfolio-item popup-item col-6 col-sm-6 col-md-6 col-lg-6 col-xl-6\">\n          <div class=\"wrap\">\n                          <div class=\"a-img\" data-original=\"https:\/\/moradadaspalmeirasbg.com.br\/wp-content\/uploads\/2023\/09\/136473390.jpg\"><div style=\"background-image: url(https:\/\/moradadaspalmeirasbg.com.br\/wp-content\/uploads\/2023\/09\/136473390.jpg)\"><\/div><\/div>\n            \n                        <a href=\"#\" data-popup-json=\"{&quot;image&quot;:{&quot;url&quot;:&quot;https:\\\/\\\/moradadaspalmeirasbg.com.br\\\/wp-content\\\/uploads\\\/2023\\\/09\\\/136473390.jpg&quot;,&quot;w&quot;:1024,&quot;h&quot;:768},&quot;post_id&quot;:6323}\" data-id=\"1\"><\/a>\n          <\/div>\n\t\t\t\t<\/div>\n\t\t\t              <div class=\"portfolio-item popup-item col-6 col-sm-6 col-md-6 col-lg-6 col-xl-6\">\n          <div class=\"wrap\">\n                          <div class=\"a-img\" data-original=\"https:\/\/moradadaspalmeirasbg.com.br\/wp-content\/uploads\/2023\/09\/267780777.jpg\"><div style=\"background-image: url(https:\/\/moradadaspalmeirasbg.com.br\/wp-content\/uploads\/2023\/09\/267780777.jpg)\"><\/div><\/div>\n            \n                        <a href=\"#\" data-popup-json=\"{&quot;image&quot;:{&quot;url&quot;:&quot;https:\\\/\\\/moradadaspalmeirasbg.com.br\\\/wp-content\\\/uploads\\\/2023\\\/09\\\/267780777.jpg&quot;,&quot;w&quot;:1024,&quot;h&quot;:768},&quot;post_id&quot;:6331}\" data-id=\"2\"><\/a>\n          <\/div>\n\t\t\t\t<\/div>\n\t\t\t              <div class=\"portfolio-item popup-item col-6 col-sm-6 col-md-6 col-lg-6 col-xl-6\">\n          <div class=\"wrap\">\n                          <div class=\"a-img\" data-original=\"https:\/\/moradadaspalmeirasbg.com.br\/wp-content\/uploads\/2023\/09\/136473385.jpg\"><div style=\"background-image: url(https:\/\/moradadaspalmeirasbg.com.br\/wp-content\/uploads\/2023\/09\/136473385.jpg)\"><\/div><\/div>\n            \n                        <a href=\"#\" data-popup-json=\"{&quot;image&quot;:{&quot;url&quot;:&quot;https:\\\/\\\/moradadaspalmeirasbg.com.br\\\/wp-content\\\/uploads\\\/2023\\\/09\\\/136473385.jpg&quot;,&quot;w&quot;:1024,&quot;h&quot;:768},&quot;post_id&quot;:6324}\" data-id=\"3\"><\/a>\n          <\/div>\n\t\t\t\t<\/div>\n\t\t\t              <div class=\"portfolio-item popup-item col-6 col-sm-6 col-md-6 col-lg-6 col-xl-6\">\n          <div class=\"wrap\">\n                          <div class=\"a-img\" data-original=\"https:\/\/moradadaspalmeirasbg.com.br\/wp-content\/uploads\/2023\/09\/165124702.jpg\"><div style=\"background-image: url(https:\/\/moradadaspalmeirasbg.com.br\/wp-content\/uploads\/2023\/09\/165124702.jpg)\"><\/div><\/div>\n            \n                        <a href=\"#\" data-popup-json=\"{&quot;image&quot;:{&quot;url&quot;:&quot;https:\\\/\\\/moradadaspalmeirasbg.com.br\\\/wp-content\\\/uploads\\\/2023\\\/09\\\/165124702.jpg&quot;,&quot;w&quot;:1024,&quot;h&quot;:768},&quot;post_id&quot;:6325}\" data-id=\"4\"><\/a>\n          <\/div>\n\t\t\t\t<\/div>\n\t\t\t              <div class=\"portfolio-item popup-item col-6 col-sm-6 col-md-6 col-lg-6 col-xl-6\">\n          <div class=\"wrap\">\n                          <div class=\"a-img\" data-original=\"https:\/\/moradadaspalmeirasbg.com.br\/wp-content\/uploads\/2023\/09\/165124630.jpg\"><div style=\"background-image: url(https:\/\/moradadaspalmeirasbg.com.br\/wp-content\/uploads\/2023\/09\/165124630.jpg)\"><\/div><\/div>\n            \n                        <a href=\"#\" data-popup-json=\"{&quot;image&quot;:{&quot;url&quot;:&quot;https:\\\/\\\/moradadaspalmeirasbg.com.br\\\/wp-content\\\/uploads\\\/2023\\\/09\\\/165124630.jpg&quot;,&quot;w&quot;:1024,&quot;h&quot;:768},&quot;post_id&quot;:6328}\" data-id=\"5\"><\/a>\n          <\/div>\n\t\t\t\t<\/div>\n\t\t\t              <div class=\"portfolio-item popup-item col-6 col-sm-6 col-md-6 col-lg-6 col-xl-6\">\n          <div class=\"wrap\">\n                          <div class=\"a-img\" data-original=\"https:\/\/moradadaspalmeirasbg.com.br\/wp-content\/uploads\/2023\/09\/165124620.jpg\"><div style=\"background-image: url(https:\/\/moradadaspalmeirasbg.com.br\/wp-content\/uploads\/2023\/09\/165124620.jpg)\"><\/div><\/div>\n            \n                        <a href=\"#\" data-popup-json=\"{&quot;image&quot;:{&quot;url&quot;:&quot;https:\\\/\\\/moradadaspalmeirasbg.com.br\\\/wp-content\\\/uploads\\\/2023\\\/09\\\/165124620.jpg&quot;,&quot;w&quot;:1024,&quot;h&quot;:768},&quot;post_id&quot;:6330}\" data-id=\"6\"><\/a>\n          <\/div>\n\t\t\t\t<\/div>\n\t\t\t              <div class=\"portfolio-item popup-item col-6 col-sm-6 col-md-6 col-lg-6 col-xl-6\">\n          <div class=\"wrap\">\n                          <div class=\"a-img\" data-original=\"https:\/\/moradadaspalmeirasbg.com.br\/wp-content\/uploads\/2023\/09\/90439356.jpg\"><div style=\"background-image: url(https:\/\/moradadaspalmeirasbg.com.br\/wp-content\/uploads\/2023\/09\/90439356.jpg)\"><\/div><\/div>\n            \n                        <a href=\"#\" data-popup-json=\"{&quot;image&quot;:{&quot;url&quot;:&quot;https:\\\/\\\/moradadaspalmeirasbg.com.br\\\/wp-content\\\/uploads\\\/2023\\\/09\\\/90439356.jpg&quot;,&quot;w&quot;:1024,&quot;h&quot;:768},&quot;post_id&quot;:6319}\" data-id=\"7\"><\/a>\n          <\/div>\n\t\t\t\t<\/div>\n\t\t\t              <div class=\"portfolio-item popup-item col-6 col-sm-6 col-md-6 col-lg-6 col-xl-6\">\n          <div class=\"wrap\">\n                          <div class=\"a-img\" data-original=\"https:\/\/moradadaspalmeirasbg.com.br\/wp-content\/uploads\/2023\/09\/165124670.jpg\"><div style=\"background-image: url(https:\/\/moradadaspalmeirasbg.com.br\/wp-content\/uploads\/2023\/09\/165124670.jpg)\"><\/div><\/div>\n            \n                        <a href=\"#\" data-popup-json=\"{&quot;image&quot;:{&quot;url&quot;:&quot;https:\\\/\\\/moradadaspalmeirasbg.com.br\\\/wp-content\\\/uploads\\\/2023\\\/09\\\/165124670.jpg&quot;,&quot;w&quot;:901,&quot;h&quot;:768},&quot;post_id&quot;:6332}\" data-id=\"8\"><\/a>\n          <\/div>\n\t\t\t\t<\/div>\n\t\t\t              <div class=\"portfolio-item popup-item col-6 col-sm-6 col-md-6 col-lg-6 col-xl-6\">\n          <div class=\"wrap\">\n                          <div class=\"a-img\" data-original=\"https:\/\/moradadaspalmeirasbg.com.br\/wp-content\/uploads\/2023\/09\/136471639.jpg\"><div style=\"background-image: url(https:\/\/moradadaspalmeirasbg.com.br\/wp-content\/uploads\/2023\/09\/136471639.jpg)\"><\/div><\/div>\n            \n                        <a href=\"#\" data-popup-json=\"{&quot;image&quot;:{&quot;url&quot;:&quot;https:\\\/\\\/moradadaspalmeirasbg.com.br\\\/wp-content\\\/uploads\\\/2023\\\/09\\\/136471639.jpg&quot;,&quot;w&quot;:576,&quot;h&quot;:768},&quot;post_id&quot;:6321}\" data-id=\"9\"><\/a>\n          <\/div>\n\t\t\t\t<\/div>\n\t\t\t\t\t  \t\t\t\t\t<\/div>\n\t\t\t\t\t\t\t<\/div>\n\t\t\t\t<\/div>\n\t\t\t\t<\/div>\n\t\t\t\t\t<\/div>\n\t\t<\/div>\n\t\t\t\t\t\t\t<\/div>\n\t\t<\/section>\n\t\t\t\t<section class=\"elementor-section elementor-top-section elementor-element elementor-element-ee02fb5 elementor-section-boxed elementor-section-height-default elementor-section-height-default\" data-id=\"ee02fb5\" data-element_type=\"section\" data-settings=\"{&quot;background_background&quot;:&quot;gradient&quot;}\">\n\t\t\t\t\t\t<div class=\"elementor-container elementor-column-gap-default\">\n\t\t\t\t\t<div class=\"elementor-column elementor-col-100 elementor-top-column elementor-element elementor-element-9cbfba9\" data-id=\"9cbfba9\" data-element_type=\"column\">\n\t\t\t<div class=\"elementor-widget-wrap\">\n\t\t\t\t\t\t\t\t\t<\/div>\n\t\t<\/div>\n\t\t\t\t\t\t\t<\/div>\n\t\t<\/section>\n\t\t\t\t\t\t\t<\/div>\n\t\t","protected":false},"excerpt":{"rendered":"<p>Localizada em Barra Grande, a 600 metros da Praia da Ponta do Muta, a Morada das Palmeiras oferece quartos com ar-condicionado e Wi-Fi gratuito. A acomoda\u00e7\u00e3o oferece servi\u00e7o de quarto e servi\u00e7o de limpeza di\u00e1rio. As unidades da pousada est\u00e3o equipadas com TV de tela plana. Os quartos incluem banheiro privativo, amenidades de banho gratuitas [&hellip;]<\/p>\n","protected":false},"author":1,"featured_media":0,"parent":0,"menu_order":0,"comment_status":"closed","ping_status":"closed","template":"template-landing.php","meta":{"footnotes":""},"class_list":["post-3361","page","type-page","status-publish","hentry"],"acf":[],"_links":{"self":[{"href":"https:\/\/moradadaspalmeirasbg.com.br\/index.php?rest_route=\/wp\/v2\/pages\/3361","targetHints":{"allow":["GET"]}}],"collection":[{"href":"https:\/\/moradadaspalmeirasbg.com.br\/index.php?rest_route=\/wp\/v2\/pages"}],"about":[{"href":"https:\/\/moradadaspalmeirasbg.com.br\/index.php?rest_route=\/wp\/v2\/types\/page"}],"author":[{"embeddable":true,"href":"https:\/\/moradadaspalmeirasbg.com.br\/index.php?rest_route=\/wp\/v2\/users\/1"}],"replies":[{"embeddable":true,"href":"https:\/\/moradadaspalmeirasbg.com.br\/index.php?rest_route=%2Fwp%2Fv2%2Fcomments&post=3361"}],"version-history":[{"count":432,"href":"https:\/\/moradadaspalmeirasbg.com.br\/index.php?rest_route=\/wp\/v2\/pages\/3361\/revisions"}],"predecessor-version":[{"id":6658,"href":"https:\/\/moradadaspalmeirasbg.com.br\/index.php?rest_route=\/wp\/v2\/pages\/3361\/revisions\/6658"}],"wp:attachment":[{"href":"https:\/\/moradadaspalmeirasbg.com.br\/index.php?rest_route=%2Fwp%2Fv2%2Fmedia&parent=3361"}],"curies":[{"name":"wp","href":"https:\/\/api.w.org\/{rel}","templated":true}]}}